{"id":1159,"date":"2016-09-27T16:57:49","date_gmt":"2016-09-27T15:57:49","guid":{"rendered":"http:\/\/sponges-tahiti.ird.fr\/?page_id=1159"},"modified":"2025-10-24T16:40:01","modified_gmt":"2025-10-24T14:40:01","slug":"authors-contributors","status":"publish","type":"page","link":"https:\/\/sponges-tahiti.ird.fr\/?page_id=1159","title":{"rendered":"Authors &#8211; Contributors"},"content":{"rendered":"<table class=\"hr-style\">\r\n<tbody>\r\n<tr>\r\n<td>\r\n<h2>Aline Alencar<\/h2>\r\n<p>Universidade Federal do Rio de Janeiro, Bresil<\/p>\r\n<i>Biologist, taxonomist<\/i><\/td>\r\n<td>\r\n<h2>Bertrand Bourgeois<\/h2>\r\n<p>IRD, SEOH, Noum\u00e9a, New caledonia<\/p>\r\n<i>Scientific diver<\/i><\/td>\r\n<\/tr>\r\n<tr>\r\n<td>\r\n<h2>John Butscher<\/h2>\r\n<p>IRD, Noum\u00e9a, New caledonia<\/p>\r\n<i>Scientific diver<\/i><\/td>\r\n<td>\r\n<h2>C\u00e9cile Debitus<\/h2>\r\n<p>IRD, EIO, Tahiti, French Polynesia &#8212; IRD, LEMAR, Plouzan\u00e9, France<\/p>\r\n<i>Biochemist, scientific diver<\/i><\/td>\r\n<\/tr>\r\n<tr>\r\n<td>\r\n<h2>Merrick Ekins<\/h2>\r\n<p>Queensland Museum Brisbane, Australia<\/p>\r\n<i>Scientific diver, biologist, taxonomist<\/i><\/td>\r\n<td>\r\n<h2>Dominique Fleurisson<\/h2>\r\n<p>Tekdive<\/p>\r\n<i>Diver<\/i><\/td>\r\n<\/tr>\r\n<tr>\r\n<td>\r\n<h2>Eric Folcher<\/h2>\r\n<p>IRD, SEOH, Noum\u00e9a, New caledonia<\/p>\r\n<i>Scientific diver, biologist<\/i><\/td>\r\n<td>\r\n<h2>Kathryn A. Hall<\/h2>\r\n<p>Queensland Museum Brisbane, Australia<\/p>\r\n<i>Biologist, taxonomist, webmaster of spongemaps.org<\/i><\/td>\r\n<\/tr>\r\n<tr>\r\n<td>\r\n<h2>Lionel Hertrich<\/h2>\r\n<p>Tahiti iti diving, Tahiti, French Polynesia<\/p>\r\n<i>Diver<\/i><\/td>\r\n<td>\r\n<h2>John N. A. Hooper<\/h2>\r\n<p>Queensland Museum Brisbane, Australia<\/p>\r\n<i>Biologist, taxonomist<\/i><\/td>\r\n<\/tr>\r\n<tr>\r\n<td>\r\n<h2>Franck Lerouvreur<\/h2>\r\n<p>CRIOBE, Moorea, French Polynesia<\/p>\r\n<i>Scientific diver, biologist<\/i><\/td>\r\n<td>\r\n<h2>Peva Levy<\/h2>\r\n<p>Ifremer, Tahiti, French Polynesia<\/p>\r\n<i>Scientific diver, biologist<\/i><\/td>\r\n<\/tr>\r\n<tr>\r\n<td>\r\n<h2>Nicolas Maihota<\/h2>\r\n<p>IRD, Tahiti, French Polynesia<\/p>\r\n<i>Scientific diver, biologist<\/i><\/td>\r\n<td>\r\n<h2>Joel Orempuller<\/h2>\r\n<p>IRD, Tahiti, French Polynesia<\/p>\r\n<i>Scientific diver, biologist<\/i><\/td>\r\n<\/tr>\r\n<tr>\r\n<td>\r\n<h2>Sylvain Petek<\/h2>\r\n<p>IRD, EIO, Tahiti, French Polynesia &#8212; IRD, LEMAR, Plouzan\u00e9, France<\/p>\r\n<i>Chemist, scientific diver, webmaster of sponges-polynesia.ird.fr<br \/>\r\n<\/i><\/td>\r\n<td>\r\n<h2>Andrzej Pisera<\/h2>\r\n<p>Instytut Paleobiologii, Polska Akademia Nauk, Warsaw, Poland<\/p>\r\n<i>Biologist, taxonomist<\/i><\/td>\r\n<\/tr>\r\n<tr>\r\n<td>\r\n<h2>Armelle Renaud<\/h2>\r\n<p>IRD, SEOH, Noum\u00e9a, New caledonia<\/p>\r\n<i>Scientific diver, biologist<\/i><\/td>\r\n<td>\r\n<h2>Patricia R. Sutcliffe<\/h2>\r\n<p>Queensland Museum Brisbane, Australia<\/p>\r\n<i>Biologist, taxonomist<\/i><\/td>\r\n<\/tr>\r\n<tr>\r\n<td>\r\n<h2>Jean Vacelet<\/h2>\r\n<p>IMBE, Marseille, France<\/p>\r\n<i>Biologist, taxonomist<\/i><\/td>\r\n<td>\r\n<h2>\u00a0<\/h2>\r\n<p>&nbsp;<\/p>\r\n<i><\/i><\/td>\r\n<\/tr>\r\n<\/tbody>\r\n<\/table>","protected":false},"excerpt":{"rendered":"Aline Alencar Universidade Federal do Rio de Janeiro, Bresil Biologist, taxonomist Bertrand Bourgeois IRD, SEOH, Noum\u00e9a, New caledonia Scientific diver John Butscher IRD, Noum\u00e9a, New caledonia Scientific diver C\u00e9cile Debitus IRD, EIO, Tahiti, French Polynesia &#8212; IRD, LEMAR, Plouzan\u00e9, France Biochemist, scientific diver Merrick Ekins Queensland Museum Brisbane, Australia Scientific diver, biologist, taxonomist Dominique Fleurisson &hellip; <a href=\"https:\/\/sponges-tahiti.ird.fr\/?page_id=1159\" class=\"more-link\">Continuer la lecture de <span class=\"screen-reader-text\">Authors &#8211; Contributors<\/span><\/a>","protected":false},"author":3,"featured_media":0,"parent":0,"menu_order":0,"comment_status":"closed","ping_status":"closed","template":"","meta":{"footnotes":""},"class_list":["post-1159","page","type-page","status-publish","hentry"],"_links":{"self":[{"href":"https:\/\/sponges-tahiti.ird.fr\/index.php?rest_route=\/wp\/v2\/pages\/1159"}],"collection":[{"href":"https:\/\/sponges-tahiti.ird.fr\/index.php?rest_route=\/wp\/v2\/pages"}],"about":[{"href":"https:\/\/sponges-tahiti.ird.fr\/index.php?rest_route=\/wp\/v2\/types\/page"}],"author":[{"embeddable":true,"href":"https:\/\/sponges-tahiti.ird.fr\/index.php?rest_route=\/wp\/v2\/users\/3"}],"replies":[{"embeddable":true,"href":"https:\/\/sponges-tahiti.ird.fr\/index.php?rest_route=%2Fwp%2Fv2%2Fcomments&post=1159"}],"version-history":[{"count":34,"href":"https:\/\/sponges-tahiti.ird.fr\/index.php?rest_route=\/wp\/v2\/pages\/1159\/revisions"}],"predecessor-version":[{"id":1173,"href":"https:\/\/sponges-tahiti.ird.fr\/index.php?rest_route=\/wp\/v2\/pages\/1159\/revisions\/1173"}],"wp:attachment":[{"href":"https:\/\/sponges-tahiti.ird.fr\/index.php?rest_route=%2Fwp%2Fv2%2Fmedia&parent=1159"}],"curies":[{"name":"wp","href":"https:\/\/api.w.org\/{rel}","templated":true}]}}